{"id":1575,"date":"2020-01-07T12:10:28","date_gmt":"2020-01-07T14:10:28","guid":{"rendered":"https:\/\/quartzoengdef.com.br\/?page_id=1575"},"modified":"2020-01-07T12:10:31","modified_gmt":"2020-01-07T14:10:31","slug":"construcao","status":"publish","type":"page","link":"https:\/\/quartzoengdef.com.br\/en\/construcao\/","title":{"rendered":"Constru\u00e7\u00e3o"},"content":{"rendered":"[et_pb_section fb_built=&#8221;1&#8243; _builder_version=&#8221;4.0.6&#8243; custom_padding=&#8221;20%||20%||true|false&#8221; hover_enabled=&#8221;0&#8243;][et_pb_row _builder_version=&#8221;4.0.6&#8243;][et_pb_column _builder_version=&#8221;4.0.6&#8243; type=&#8221;4_4&#8243;][et_pb_text _builder_version=&#8221;4.0.6&#8243; header_font=&#8221;Khand|700|on||||||&#8221; header_text_align=&#8221;center&#8221; header_font_size=&#8221;90px&#8221; transform_skew=&#8221;-6deg|0deg&#8221; transform_skew_linked=&#8221;off&#8221; custom_margin=&#8221;||0px|||&#8221; hover_enabled=&#8221;0&#8243; header_font_size_tablet=&#8221;80px&#8221; header_font_size_phone=&#8221;60px&#8221; header_font_size_last_edited=&#8221;on|desktop&#8221;]\n<h1>P\u00e1gina em Constru\u00e7\u00e3o<\/h1>\n[\/et_pb_text][\/et_pb_column][\/et_pb_row][\/et_pb_section]","protected":false},"excerpt":{"rendered":"<p>[et_pb_section fb_built=&#8221;1&#8243; _builder_version=&#8221;4.0.6&#8243; custom_padding=&#8221;20%||20%||true|false&#8221; hover_enabled=&#8221;0&#8243;][et_pb_row _builder_version=&#8221;4.0.6&#8243;][et_pb_column _builder_version=&#8221;4.0.6&#8243; type=&#8221;4_4&#8243;][et_pb_text _builder_version=&#8221;4.0.6&#8243; header_font=&#8221;Khand|700|on||||||&#8221; header_text_align=&#8221;center&#8221; header_font_size=&#8221;90px&#8221; transform_skew=&#8221;-6deg|0deg&#8221; transform_skew_linked=&#8221;off&#8221; custom_margin=&#8221;||0px|||&#8221; hover_enabled=&#8221;0&#8243; header_font_size_tablet=&#8221;80px&#8221; header_font_size_phone=&#8221;60px&#8221; header_font_size_last_edited=&#8221;on|desktop&#8221;] P\u00e1gina em Constru\u00e7\u00e3o [\/et_pb_text][\/et_pb_column][\/et_pb_row][\/et_pb_section]<\/p>","protected":false},"author":1,"featured_media":0,"parent":0,"menu_order":0,"comment_status":"closed","ping_status":"closed","template":"","meta":{"_et_pb_use_builder":"on","_et_pb_old_content":""},"_links":{"self":[{"href":"https:\/\/quartzoengdef.com.br\/en\/wp-json\/wp\/v2\/pages\/1575"}],"collection":[{"href":"https:\/\/quartzoengdef.com.br\/en\/wp-json\/wp\/v2\/pages"}],"about":[{"href":"https:\/\/quartzoengdef.com.br\/en\/wp-json\/wp\/v2\/types\/page"}],"author":[{"embeddable":true,"href":"https:\/\/quartzoengdef.com.br\/en\/wp-json\/wp\/v2\/users\/1"}],"replies":[{"embeddable":true,"href":"https:\/\/quartzoengdef.com.br\/en\/wp-json\/wp\/v2\/comments?post=1575"}],"version-history":[{"count":2,"href":"https:\/\/quartzoengdef.com.br\/en\/wp-json\/wp\/v2\/pages\/1575\/revisions"}],"predecessor-version":[{"id":1578,"href":"https:\/\/quartzoengdef.com.br\/en\/wp-json\/wp\/v2\/pages\/1575\/revisions\/1578"}],"wp:attachment":[{"href":"https:\/\/quartzoengdef.com.br\/en\/wp-json\/wp\/v2\/media?parent=1575"}],"curies":[{"name":"wp","href":"https:\/\/api.w.org\/{rel}","templated":true}]}}